{"id":391,"date":"2016-12-10T14:10:59","date_gmt":"2016-12-10T14:10:59","guid":{"rendered":"http:\/\/verbumdei.pt\/?page_id=391"},"modified":"2025-11-13T18:57:40","modified_gmt":"2025-11-13T17:57:40","slug":"passo-a-passo","status":"publish","type":"page","link":"https:\/\/verbumdei.org\/porto\/grupos\/passo-a-passo\/","title":{"rendered":"Passo a Passo"},"content":{"rendered":"<h6 class=\"font_6\"><span style=\"font-family: 'comic sans ms', sans-serif; color: #d43c18;\">O que \u00e9 o grupo \u201cPasso a Passo\u201d?<\/span><\/h6>\n<p class=\"font_7\"><span style=\"font-family: 'comic sans ms', sans-serif; color: #000000;\">No ano 2005 deu-se inicio a nossa aventura gra\u00e7as ao empenho de um grupo de jovens de Pombal que recebendo Crisma, quiseram n\u00e3o parar e seguir Jesus em profundidade e em comunidade. Progressivamente se foi estruturando em outros lugares.<\/span><\/p>\n<p class=\"font_7\"><span style=\"font-family: 'comic sans ms', sans-serif; color: #000000;\">Jesus nos re\u00fane num ambiente de amizade verdadeira criando la\u00e7os aut\u00eanticos e estimulando os desejos de ser mais fraternos e solid\u00e1rios com os outros jovens que conhecemos.<\/span><\/p>\n<h6 class=\"font_6\"><span style=\"font-family: 'comic sans ms', sans-serif; color: #d43c18;\">Objectivo do grupo<\/span><\/h6>\n<p class=\"font_7\"><span style=\"font-family: 'comic sans ms', sans-serif; color: #000000;\">Os que formamos parte do grupo queremos falar da experi\u00eancia que tivemos de Jesus aos jovens que conhecemos com a sua linguagem e com os seus anseios.<\/span><\/p>\n<p class=\"font_7\"><span style=\"font-family: 'comic sans ms', sans-serif; color: #000000;\">Assumimos a tarefa de alimentar o caminho de cada lugar com as actividades que se fazem no \u00e2mbito nacional e internacional.<\/span><\/p>\n<p class=\"font_7\"><span style=\"font-family: 'comic sans ms', sans-serif; color: #000000;\">Cada grupo tem o seu caminho particular mas nos unimos aos outros grupos nas f\u00e9rias de Natal, da P\u00e1scoa e as do ver\u00e3o. O nosso dia de anivers\u00e1rio \u00e9 o 10 de junho.<\/span><\/p>\n<p class=\"font_7\"><span style=\"font-family: 'comic sans ms', sans-serif; color: #000000;\">As actividades que desenvolvemos e que propomos s\u00e3o as dos retiros de ora\u00e7\u00e3o, os encontros nacionais e internacionais de jovens, as peregrina\u00e7\u00f5es, os encontros de forma\u00e7\u00e3o, do voluntariado.<\/span><\/p>\n<p class=\"font_7\"><span style=\"font-family: 'comic sans ms', sans-serif; color: #000000;\">Normalmente o grupo se organiza onde se encontra um membro da comunidade que possa dar continuidade a caminhada iniciada nesse lugar. Se n\u00e3o houvesse se procura que o grupo possa ser apoiado pelos membros da fam\u00edlia Verbum Dei mais pr\u00f3xima.<\/span><\/p>\n<p class=\"font_7\"><span style=\"font-family: 'comic sans ms', sans-serif; color: #000000;\">\u00c9 a Fam\u00edlia Verbum Dei quem orienta, com a espiritualidade e com a sua miss\u00e3o, a din\u00e2mica do grupo Passo a Passo\u201d<\/span><\/p>\n<h6 class=\"font_6\"><span style=\"font-family: 'comic sans ms', sans-serif; color: #d43c18;\">Rede &#8220;passo a passo\u201d<\/span><\/h6>\n<p class=\"font_7\"><span style=\"font-family: 'comic sans ms', sans-serif; color: #000000;\">Se gra\u00e7as aos repetidores de ondas podemos ter rede em cada ponto do pa\u00eds para nos comunicar\u2026 cada grupo \u201cPasso a Passo\u201d emite as ondas de fraternidade e de alegria, transformado o nosso pa\u00eds tornando-o diferente.<\/span><\/p>\n<p class=\"font_7\"><span style=\"font-family: 'comic sans ms', sans-serif; color: #000000;\">J\u00e1 temos \u201crepetidores\u201d em Lisboa, Pombal, Aveiro, Braga e Porto<\/span><\/p>\n","protected":false},"excerpt":{"rendered":"<p>O que \u00e9 o grupo \u201cPasso a Passo\u201d? No ano 2005 deu-se inicio a nossa aventura gra\u00e7as ao empenho de um grupo de jovens de Pombal que recebendo Crisma, quiseram<a href=\"https:\/\/verbumdei.org\/porto\/grupos\/passo-a-passo\/\" rel=\"bookmark\"><span class=\"screen-reader-text\">Passo a Passo<\/span><\/a><\/p>\n","protected":false},"author":7,"featured_media":0,"parent":268,"menu_order":0,"comment_status":"closed","ping_status":"closed","template":"","meta":{"rop_custom_images_group":[],"rop_custom_messages_group":[],"rop_publish_now":"initial","rop_publish_now_accounts":[],"rop_publish_now_history":[],"rop_publish_now_status":"pending","neve_meta_sidebar":"","neve_meta_container":"","neve_meta_enable_content_width":"off","neve_meta_content_width":100,"neve_meta_title_alignment":"","neve_meta_author_avatar":"","neve_post_elements_order":"","neve_meta_disable_header":"","neve_meta_disable_footer":"","neve_meta_disable_title":"","_themeisle_gutenberg_block_has_review":false,"footnotes":""},"class_list":["post-391","page","type-page","status-publish","hentry"],"yoast_head":"<!-- This site is optimized with the Yoast SEO plugin v27.4 - https:\/\/yoast.com\/product\/yoast-seo-wordpress\/ -->\n<title>Passo a Passo - Verbum Dei Norte<\/title>\n<meta name=\"robots\" content=\"index, follow, max-snippet:-1, max-image-preview:large, max-video-preview:-1\" \/>\n<link rel=\"canonical\" href=\"https:\/\/verbumdei.org\/porto\/grupos\/passo-a-passo\/\" \/>\n<meta property=\"og:locale\" content=\"pt_PT\" \/>\n<meta property=\"og:type\" content=\"article\" \/>\n<meta property=\"og:title\" content=\"Passo a Passo - Verbum Dei Norte\" \/>\n<meta property=\"og:description\" content=\"O que \u00e9 o grupo \u201cPasso a Passo\u201d? No ano 2005 deu-se inicio a nossa aventura gra\u00e7as ao empenho de um grupo de jovens de Pombal que recebendo Crisma, quiseramPasso a Passo\" \/>\n<meta property=\"og:url\" content=\"https:\/\/verbumdei.org\/porto\/grupos\/passo-a-passo\/\" \/>\n<meta property=\"og:site_name\" content=\"Verbum Dei Norte\" \/>\n<meta property=\"article:publisher\" content=\"https:\/\/www.facebook.com\/vdportoaveiro\/\" \/>\n<meta property=\"article:modified_time\" content=\"2025-11-13T17:57:40+00:00\" \/>\n<meta name=\"twitter:card\" content=\"summary_large_image\" \/>\n<meta name=\"twitter:label1\" content=\"Tempo estimado de leitura\" \/>\n\t<meta name=\"twitter:data1\" content=\"2 minutos\" \/>\n<script type=\"application\/ld+json\" class=\"yoast-schema-graph\">{\"@context\":\"https:\\\/\\\/schema.org\",\"@graph\":[{\"@type\":\"WebPage\",\"@id\":\"https:\\\/\\\/verbumdei.org\\\/porto\\\/grupos\\\/passo-a-passo\\\/\",\"url\":\"https:\\\/\\\/verbumdei.org\\\/porto\\\/grupos\\\/passo-a-passo\\\/\",\"name\":\"Passo a Passo - Verbum Dei Norte\",\"isPartOf\":{\"@id\":\"https:\\\/\\\/verbumdei.org\\\/porto\\\/#website\"},\"datePublished\":\"2016-12-10T14:10:59+00:00\",\"dateModified\":\"2025-11-13T17:57:40+00:00\",\"breadcrumb\":{\"@id\":\"https:\\\/\\\/verbumdei.org\\\/porto\\\/grupos\\\/passo-a-passo\\\/#breadcrumb\"},\"inLanguage\":\"pt-PT\",\"potentialAction\":[{\"@type\":\"ReadAction\",\"target\":[\"https:\\\/\\\/verbumdei.org\\\/porto\\\/grupos\\\/passo-a-passo\\\/\"]}]},{\"@type\":\"BreadcrumbList\",\"@id\":\"https:\\\/\\\/verbumdei.org\\\/porto\\\/grupos\\\/passo-a-passo\\\/#breadcrumb\",\"itemListElement\":[{\"@type\":\"ListItem\",\"position\":1,\"name\":\"In\u00edcio\",\"item\":\"https:\\\/\\\/verbumdei.org\\\/porto\\\/\"},{\"@type\":\"ListItem\",\"position\":2,\"name\":\"Grupos\",\"item\":\"https:\\\/\\\/verbumdei.org\\\/porto\\\/grupos\\\/\"},{\"@type\":\"ListItem\",\"position\":3,\"name\":\"Passo a Passo\"}]},{\"@type\":\"WebSite\",\"@id\":\"https:\\\/\\\/verbumdei.org\\\/porto\\\/#website\",\"url\":\"https:\\\/\\\/verbumdei.org\\\/porto\\\/\",\"name\":\"Verbum Dei Portugal Norte\",\"description\":\"Mission\u00e1rios Verbum Dei no Porto e Aveiro: ora\u00e7\u00e3o, retiro espiritual, forma\u00e7\u00e3o crist\u00e3 e evangeliza\u00e7\u00e3o\",\"publisher\":{\"@id\":\"https:\\\/\\\/verbumdei.org\\\/porto\\\/#organization\"},\"potentialAction\":[{\"@type\":\"SearchAction\",\"target\":{\"@type\":\"EntryPoint\",\"urlTemplate\":\"https:\\\/\\\/verbumdei.org\\\/porto\\\/?s={search_term_string}\"},\"query-input\":{\"@type\":\"PropertyValueSpecification\",\"valueRequired\":true,\"valueName\":\"search_term_string\"}}],\"inLanguage\":\"pt-PT\"},{\"@type\":\"Organization\",\"@id\":\"https:\\\/\\\/verbumdei.org\\\/porto\\\/#organization\",\"name\":\"Verbum Dei Portugal Norte\",\"url\":\"https:\\\/\\\/verbumdei.org\\\/porto\\\/\",\"logo\":{\"@type\":\"ImageObject\",\"inLanguage\":\"pt-PT\",\"@id\":\"https:\\\/\\\/verbumdei.org\\\/porto\\\/#\\\/schema\\\/logo\\\/image\\\/\",\"url\":\"https:\\\/\\\/verbumdei.org\\\/porto\\\/wp-content\\\/uploads\\\/2018\\\/07\\\/Logo2.jpg\",\"contentUrl\":\"https:\\\/\\\/verbumdei.org\\\/porto\\\/wp-content\\\/uploads\\\/2018\\\/07\\\/Logo2.jpg\",\"width\":123,\"height\":120,\"caption\":\"Verbum Dei Portugal Norte\"},\"image\":{\"@id\":\"https:\\\/\\\/verbumdei.org\\\/porto\\\/#\\\/schema\\\/logo\\\/image\\\/\"},\"sameAs\":[\"https:\\\/\\\/www.facebook.com\\\/vdportoaveiro\\\/\",\"https:\\\/\\\/instagram.com\\\/verbumdei.portugal.norte\\\/\"]}]}<\/script>\n<!-- \/ Yoast SEO plugin. -->","yoast_head_json":{"title":"Passo a Passo - Verbum Dei Norte","robots":{"index":"index","follow":"follow","max-snippet":"max-snippet:-1","max-image-preview":"max-image-preview:large","max-video-preview":"max-video-preview:-1"},"canonical":"https:\/\/verbumdei.org\/porto\/grupos\/passo-a-passo\/","og_locale":"pt_PT","og_type":"article","og_title":"Passo a Passo - Verbum Dei Norte","og_description":"O que \u00e9 o grupo \u201cPasso a Passo\u201d? No ano 2005 deu-se inicio a nossa aventura gra\u00e7as ao empenho de um grupo de jovens de Pombal que recebendo Crisma, quiseramPasso a Passo","og_url":"https:\/\/verbumdei.org\/porto\/grupos\/passo-a-passo\/","og_site_name":"Verbum Dei Norte","article_publisher":"https:\/\/www.facebook.com\/vdportoaveiro\/","article_modified_time":"2025-11-13T17:57:40+00:00","twitter_card":"summary_large_image","twitter_misc":{"Tempo estimado de leitura":"2 minutos"},"schema":{"@context":"https:\/\/schema.org","@graph":[{"@type":"WebPage","@id":"https:\/\/verbumdei.org\/porto\/grupos\/passo-a-passo\/","url":"https:\/\/verbumdei.org\/porto\/grupos\/passo-a-passo\/","name":"Passo a Passo - Verbum Dei Norte","isPartOf":{"@id":"https:\/\/verbumdei.org\/porto\/#website"},"datePublished":"2016-12-10T14:10:59+00:00","dateModified":"2025-11-13T17:57:40+00:00","breadcrumb":{"@id":"https:\/\/verbumdei.org\/porto\/grupos\/passo-a-passo\/#breadcrumb"},"inLanguage":"pt-PT","potentialAction":[{"@type":"ReadAction","target":["https:\/\/verbumdei.org\/porto\/grupos\/passo-a-passo\/"]}]},{"@type":"BreadcrumbList","@id":"https:\/\/verbumdei.org\/porto\/grupos\/passo-a-passo\/#breadcrumb","itemListElement":[{"@type":"ListItem","position":1,"name":"In\u00edcio","item":"https:\/\/verbumdei.org\/porto\/"},{"@type":"ListItem","position":2,"name":"Grupos","item":"https:\/\/verbumdei.org\/porto\/grupos\/"},{"@type":"ListItem","position":3,"name":"Passo a Passo"}]},{"@type":"WebSite","@id":"https:\/\/verbumdei.org\/porto\/#website","url":"https:\/\/verbumdei.org\/porto\/","name":"Verbum Dei Portugal Norte","description":"Mission\u00e1rios Verbum Dei no Porto e Aveiro: ora\u00e7\u00e3o, retiro espiritual, forma\u00e7\u00e3o crist\u00e3 e evangeliza\u00e7\u00e3o","publisher":{"@id":"https:\/\/verbumdei.org\/porto\/#organization"},"potentialAction":[{"@type":"SearchAction","target":{"@type":"EntryPoint","urlTemplate":"https:\/\/verbumdei.org\/porto\/?s={search_term_string}"},"query-input":{"@type":"PropertyValueSpecification","valueRequired":true,"valueName":"search_term_string"}}],"inLanguage":"pt-PT"},{"@type":"Organization","@id":"https:\/\/verbumdei.org\/porto\/#organization","name":"Verbum Dei Portugal Norte","url":"https:\/\/verbumdei.org\/porto\/","logo":{"@type":"ImageObject","inLanguage":"pt-PT","@id":"https:\/\/verbumdei.org\/porto\/#\/schema\/logo\/image\/","url":"https:\/\/verbumdei.org\/porto\/wp-content\/uploads\/2018\/07\/Logo2.jpg","contentUrl":"https:\/\/verbumdei.org\/porto\/wp-content\/uploads\/2018\/07\/Logo2.jpg","width":123,"height":120,"caption":"Verbum Dei Portugal Norte"},"image":{"@id":"https:\/\/verbumdei.org\/porto\/#\/schema\/logo\/image\/"},"sameAs":["https:\/\/www.facebook.com\/vdportoaveiro\/","https:\/\/instagram.com\/verbumdei.portugal.norte\/"]}]}},"jetpack_sharing_enabled":true,"_links":{"self":[{"href":"https:\/\/verbumdei.org\/porto\/wp-json\/wp\/v2\/pages\/391","targetHints":{"allow":["GET"]}}],"collection":[{"href":"https:\/\/verbumdei.org\/porto\/wp-json\/wp\/v2\/pages"}],"about":[{"href":"https:\/\/verbumdei.org\/porto\/wp-json\/wp\/v2\/types\/page"}],"author":[{"embeddable":true,"href":"https:\/\/verbumdei.org\/porto\/wp-json\/wp\/v2\/users\/7"}],"replies":[{"embeddable":true,"href":"https:\/\/verbumdei.org\/porto\/wp-json\/wp\/v2\/comments?post=391"}],"version-history":[{"count":5,"href":"https:\/\/verbumdei.org\/porto\/wp-json\/wp\/v2\/pages\/391\/revisions"}],"predecessor-version":[{"id":10001,"href":"https:\/\/verbumdei.org\/porto\/wp-json\/wp\/v2\/pages\/391\/revisions\/10001"}],"up":[{"embeddable":true,"href":"https:\/\/verbumdei.org\/porto\/wp-json\/wp\/v2\/pages\/268"}],"wp:attachment":[{"href":"https:\/\/verbumdei.org\/porto\/wp-json\/wp\/v2\/media?parent=391"}],"curies":[{"name":"wp","href":"https:\/\/api.w.org\/{rel}","templated":true}]}}